{"id":2032,"date":"2025-11-11T15:26:17","date_gmt":"2025-11-11T08:26:17","guid":{"rendered":"https:\/\/midoripark-thenest.com\/dieu-khoan-dieu-kien\/"},"modified":"2026-02-09T17:29:51","modified_gmt":"2026-02-09T10:29:51","slug":"dieu-khoan-dieu-kien","status":"publish","type":"page","link":"https:\/\/midoripark-thenest.com\/en\/terms-conditions\/","title":{"rendered":"Terms &#038; Conditions"},"content":{"rendered":"<h2 style=\"text-align: justify;\"><strong>CH\u00cdNH S\u00c1CH B\u1ea2O M\u1eacT:<\/strong><\/h2>\n<p style=\"text-align: justify;\">Trang web n\u00e0y (sau \u0111\u00e2y g\u1ecdi l\u00e0\u201d trang web c\u1ee7a ch\u00fang t\u00f4i \u201c) \u0111\u01b0\u1ee3c qu\u1ea3n l\u00fd b\u1edfi C\u00d4NG TY TNHH BECAMEX TOKYU (sau \u0111\u00e2y g\u1ecdi t\u1eaft l\u00e0 \u201dBECAMEX TOKYU \u201c), vui l\u00f2ng hi\u1ec3u c\u00e1c v\u1ea5n \u0111\u1ec1 sau khi s\u1eed d\u1ee5ng trang web n\u00e0y. m\u1ee5c \u0111\u00edch s\u1eed d\u1ee5ng n\u1ebfu k\u1ebft n\u1ed1i v\u1edbi m\u1ee5c \u0111\u00edch s\u1eed d\u1ee5ng tr\u01b0\u1edbc khi thay \u0111\u1ed5i c\u00f3 th\u1ec3 \u0111\u01b0\u1ee3c c\u00f4ng nh\u1eadn h\u1ee3p l\u00fd. Khi m\u1ee5c \u0111\u00edch s\u1eed d\u1ee5ng \u0111\u01b0\u1ee3c thay \u0111\u1ed5i, BECAMEX TOKYU th\u00f4ng b\u00e1o m\u1ee5c \u0111\u00edch s\u1eed d\u1ee5ng \u0111\u00e3 thay \u0111\u1ed5i tr\u00ean trang web c\u1ee7a ch\u00fang t\u00f4i.<\/p>\n<h3 style=\"text-align: justify;\"><strong>Kh\u00e1i ni\u1ec7m v\u1ec1 th\u00f4ng tin c\u00e1 nh\u00e2n<\/strong><\/h3>\n<p style=\"text-align: justify;\">Trang web c\u1ee7a ch\u00fang t\u00f4i s\u1ebd thi\u1ebft l\u1eadp ch\u00ednh s\u00e1ch c\u01a1 b\u1ea3n sau \u0111\u00e2y.<\/p>\n<p style=\"text-align: justify;\">Ch\u00fang t\u00f4i thi\u1ebft l\u1eadp c\u00e1c quy t\u1eafc n\u1ed9i b\u1ed9 v\u00e0 bi\u00ean so\u1ea1n c\u00e1c h\u01b0\u1edbng d\u1eabn li\u00ean quan \u0111\u1ebfn qu\u1ea3n l\u00fd an ninh, h\u01b0\u1edbng d\u1eabn nh\u00e2n vi\u00ean tu\u00e2n th\u1ee7 c\u00e1c quy t\u1eafc v\u00e0 h\u01b0\u1edbng d\u1eabn \u0111\u00f3, v\u00e0 th\u1ef1c hi\u1ec7n \u0111\u00e1nh gi\u00e1 th\u00edch h\u1ee3p v\u1ec1 t\u00ecnh tr\u1ea1ng tu\u00e2n th\u1ee7. Ch\u00fang t\u00f4i cung c\u1ea5p cho nh\u00e2n vi\u00ean \u0111\u00e0o t\u1ea1o v\u00e0 gi\u00e1o d\u1ee5c v\u1ec1 qu\u1ea3n l\u00fd b\u1ea3o m\u1eadt th\u00f4ng tin c\u00e1 nh\u00e2n.<\/p>\n<h3 style=\"text-align: justify;\"><strong>\u0110\u1ecbnh ngh\u0129a th\u00f4ng tin c\u00e1 nh\u00e2n<\/strong><\/h3>\n<p style=\"text-align: justify;\">Trang web c\u1ee7a ch\u00fang t\u00f4i x\u00e1c \u0111\u1ecbnh t\u1ea5t c\u1ea3 th\u00f4ng tin c\u00f3 th\u1ec3 x\u00e1c \u0111\u1ecbnh c\u00e1 nh\u00e2n l\u00e0 th\u00f4ng tin c\u00e1 nh\u00e2n.<\/p>\n<p style=\"text-align: justify;\">Ph\u1ea1m vi s\u1eed d\u1ee5ng th\u00f4ng tin c\u00e1 nh\u00e2n v\u00e0 x\u00f3a \/ ch\u1ec9nh s\u1eeda<\/p>\n<p style=\"text-align: justify;\">Khi thu th\u1eadp th\u00f4ng tin c\u00e1 nh\u00e2n, ch\u00fang t\u00f4i ch\u1ec9 thu th\u1eadp th\u00f4ng tin c\u00e1 nh\u00e2n trong ph\u1ea1m vi c\u1ea7n thi\u1ebft. H\u01a1n n\u1eefa, ch\u00fang t\u00f4i s\u1ebd ch\u1ec9 s\u1eed d\u1ee5ng n\u00f3 trong m\u1ee5c \u0111\u00edch s\u1eed d\u1ee5ng, ch\u00fang t\u00f4i s\u1ebd kh\u00f4ng s\u1eed d\u1ee5ng n\u00f3 ngo\u00e0i m\u1ee5c \u0111\u00edch. Ngo\u00e0i ra, trong tr\u01b0\u1eddng h\u1ee3p th\u00f4ng tin c\u00e1 nh\u00e2n c\u1ee7a ng\u01b0\u1eddi xem thay \u0111\u1ed5i (v\u00ed d\u1ee5: thay \u0111\u1ed5i \u0111\u1ecba ch\u1ec9, v.v.) ho\u1eb7c khi ng\u01b0\u1eddi xem mu\u1ed1n x\u00f3a th\u00f4ng tin c\u00e1 nh\u00e2n, trang web n\u00e0y s\u1eeda, c\u1eadp nh\u1eadt v\u00e0 c\u1eadp nh\u1eadt th\u00f4ng tin c\u00e1 nh\u00e2n do ng\u01b0\u1eddi xem cung c\u1ea5p. Trong khi \u0111\u00f3, khi ng\u01b0\u1eddi xem mu\u1ed1n h\u1ecfi v\u1ec1 th\u00f4ng tin c\u00e1 nh\u00e2n, ch\u00fang t\u00f4i s\u1ebd x\u00e1c nh\u1eadn r\u1eb1ng b\u1ea1n l\u00e0 nh\u00e2n d\u1ea1ng v\u00e0 ch\u00fang t\u00f4i s\u1ebd t\u01b0\u01a1ng \u1ee9ng. N\u1ebfu c\u00f3 th\u1ec3, vui l\u00f2ng g\u1eedi email cho ch\u00fang t\u00f4i theo \u0111\u1ecba ch\u1ec9 marketing@becamex-tokyu.com.<\/p>\n<h3 style=\"text-align: justify;\"><strong>Th\u00f4ng b\u00e1o v\u1ec1 m\u1ee5c \u0111\u00edch s\u1eed d\u1ee5ng<\/strong><\/h3>\n<p style=\"text-align: justify;\">N\u1ebfu kh\u00e1ch h\u00e0ng ho\u1eb7c \u0111\u1ea1i l\u00fd c\u1ee7a h\u1ecd y\u00eau c\u1ea7u cung c\u1ea5p th\u00f4ng b\u00e1o v\u1ec1 m\u1ee5c \u0111\u00edch s\u1eed d\u1ee5ng th\u00f4ng tin c\u00e1 nh\u00e2n, ch\u00fang t\u00f4i s\u1ebd cung c\u1ea5p th\u00f4ng b\u00e1o kh\u00f4ng ch\u1eadm tr\u1ec5, ngo\u1ea1i tr\u1eeb trong c\u00e1c tr\u01b0\u1eddng h\u1ee3p sau:<\/p>\n<p style=\"text-align: justify;\">Khi m\u1ee5c \u0111\u00edch s\u1eed d\u1ee5ng th\u00f4ng tin c\u00e1 nh\u00e2n \u0111\u01b0\u1ee3c ch\u1ec9 \u0111\u1ecbnh \u0111\u00e3 r\u00f5 r\u00e0ng cho kh\u00e1ch h\u00e0ng;<\/p>\n<p style=\"text-align: justify;\">Khi cung c\u1ea5p th\u00f4ng b\u00e1o \u0111\u1eb7t ra m\u1ed9t m\u1ed1i \u0111e d\u1ecda cho cu\u1ed9c s\u1ed1ng, c\u01a1 th\u1ec3 v\u1eadt ch\u1ea5t, t\u00e0i s\u1ea3n, ho\u1eb7c c\u00e1c quy\u1ec1n v\u00e0 l\u1ee3i \u00edch kh\u00e1c c\u1ee7a kh\u00e1ch h\u00e0ng ho\u1eb7c b\u00ean th\u1ee9 ba;<\/p>\n<p style=\"text-align: justify;\">Khi cung c\u1ea5p th\u00f4ng b\u00e1o \u0111\u1eb7t ra m\u1ed9t m\u1ed1i \u0111e d\u1ecda \u0111\u1ebfn quy\u1ec1n l\u1ee3i ho\u1eb7c l\u1ee3i \u00edch h\u1ee3p ph\u00e1p c\u1ee7a c\u00f4ng ty ch\u00fang t\u00f4i; ho\u1eb7c l\u00e0<\/p>\n<p style=\"text-align: justify;\">Khi ch\u00fang t\u00f4i \u0111\u01b0\u1ee3c y\u00eau c\u1ea7u h\u1ee3p t\u00e1c v\u1edbi c\u00e1c t\u1ed5 ch\u1ee9c qu\u1ed1c gia ho\u1eb7c ch\u00ednh quy\u1ec1n \u0111\u1ecba ph\u01b0\u01a1ng trong vi\u1ec7c th\u1ef1c hi\u1ec7n c\u00e1c c\u00f4ng vi\u1ec7c theo quy \u0111\u1ecbnh c\u1ee7a ph\u00e1p lu\u1eadt, v\u00e0 khi vi\u1ec7c cung c\u1ea5p th\u00f4ng b\u00e1o c\u00f3 th\u1ec3 t\u1ea1o th\u00e0nh tr\u1edf ng\u1ea1i cho vi\u1ec7c th\u1ef1c hi\u1ec7n c\u00e1c v\u1ea5n \u0111\u1ec1 \u0111\u00f3.<\/p>\n<h3 style=\"text-align: justify;\"><strong>Y\u00eau c\u1ea7u ti\u1ebft l\u1ed9 d\u1eef li\u1ec7u c\u00e1 nh\u00e2n<\/strong><\/h3>\n<p style=\"text-align: justify;\">Th\u00f4ng tin c\u00e1 nh\u00e2n m\u00e0 b\u1ea1n cung c\u1ea5p s\u1ebd kh\u00f4ng \u0111\u01b0\u1ee3c cung c\u1ea5p cho b\u00ean th\u1ee9 ba tr\u1eeb khi b\u1ea1n \u0111\u1ed3ng \u00fd v\u1edbi ch\u00ednh ng\u01b0\u1eddi xem ho\u1eb7c c\u00f3 l\u00fd do ch\u00ednh \u0111\u00e1ng nh\u01b0 vi\u1ec7c cung c\u1ea5p lu\u1eadt v\u00e0 quy \u0111\u1ecbnh. H\u01a1n n\u1eefa, khi \u1ee7y th\u00e1c x\u1eed l\u00fd th\u00f4ng tin c\u00e1 nh\u00e2n cho b\u00ean th\u1ee9 ba, ch\u00fang t\u00f4i s\u1ebd b\u1eaft bu\u1ed9c c\u00e1c h\u1ee3p \u0111\u1ed3ng v\u00e0 ki\u1ec3m so\u00e1t ch\u1eb7t ch\u1ebd \u0111\u1ec3 kh\u00f4ng b\u1ecb r\u00f2 r\u1ec9 ho\u1eb7c cung c\u1ea5p l\u1ea1i th\u00f4ng tin c\u00e1 nh\u00e2n.<\/p>\n<p style=\"text-align: justify;\">V\u1ec1 c\u1ea3i ti\u1ebfn li\u00ean t\u1ee5c tu\u00e2n th\u1ee7 ph\u00e1p lu\u1eadt v\u00e0 h\u1ec7 th\u1ed1ng qu\u1ea3n l\u00fd th\u00f4ng tin c\u00e1 nh\u00e2n<\/p>\n<p style=\"text-align: justify;\">Ch\u00fang t\u00f4i s\u1ebd tu\u00e2n th\u1ee7 lu\u1eadt ph\u00e1p v\u00e0 c\u00e1c quy \u0111\u1ecbnh \u00e1p d\u1ee5ng cho th\u00f4ng tin c\u00e1 nh\u00e2n m\u00e0 ch\u00fang t\u00f4i c\u00f3, v\u00e0 xem x\u00e9t v\u00e0 c\u1ea3i thi\u1ec7n c\u00e1c n\u1ed7 l\u1ef1c c\u1ee7a ch\u00fang t\u00f4i khi c\u1ea7n thi\u1ebft trong c\u00e1c ph\u1ea7n tr\u00ean. Tuy nhi\u00ean, trong tr\u01b0\u1eddng h\u1ee3p c\u00f3 y\u00eau c\u1ea7u h\u1ee3p ph\u00e1p t\u1eeb t\u00f2a \u00e1n, c\u1ea3nh s\u00e1t, trung t\u00e2m ti\u00eau d\u00f9ng ho\u1eb7c c\u01a1 quan t\u01b0\u01a1ng t\u1ef1, th\u00f4ng tin s\u1ebd \u0111\u01b0\u1ee3c ti\u1ebft l\u1ed9 t\u01b0\u01a1ng \u1ee9ng.<\/p>\n<p style=\"text-align: justify;\">Gi\u1edbi thi\u1ec7u v\u1ec1 nh\u1eadt k\u00fd truy c\u1eadp<\/p>\n<p style=\"text-align: justify;\">Tr\u00ean trang web c\u1ee7a ch\u00fang t\u00f4i, th\u00f4ng tin c\u1ee7a ng\u01b0\u1eddi xem s\u1ebd \u0111\u01b0\u1ee3c ghi l\u1ea1i d\u01b0\u1edbi d\u1ea1ng nh\u1eadt k\u00fd truy c\u1eadp. Nh\u1eadt k\u00fd truy c\u1eadp bao g\u1ed3m t\u00ean mi\u1ec1n v\u00e0 \u0111\u1ecba ch\u1ec9 IP c\u1ee7a tr\u00ecnh xem, lo\u1ea1i tr\u00ecnh duy\u1ec7t \u0111\u01b0\u1ee3c s\u1eed d\u1ee5ng, ng\u00e0y truy c\u1eadp v\u00e0 th\u1eddi gian, v.v. Tuy nhi\u00ean, nh\u1eadt k\u00fd truy c\u1eadp \u0111\u01b0\u1ee3c s\u1eed d\u1ee5ng \u0111\u1ec3 ph\u00e2n t\u00edch th\u1ed1ng k\u00ea li\u00ean quan \u0111\u1ebfn vi\u1ec7c duy tr\u00ec v\u00e0 s\u1eed d\u1ee5ng trang web, s\u1ebd kh\u00f4ng \u0111\u01b0\u1ee3c s\u1eed d\u1ee5ng cho b\u1ea5t k\u1ef3 m\u1ee5c \u0111\u00edch n\u00e0o kh\u00e1c.<\/p>\n<h3 style=\"text-align: justify;\"><strong>Gi\u1edbi thi\u1ec7u v\u1ec1 cookie<\/strong><\/h3>\n<p style=\"text-align: justify;\">Tr\u00ean trang web c\u1ee7a ch\u00fang t\u00f4i, ch\u00fang t\u00f4i s\u1eed d\u1ee5ng cookie \u0111\u1ec3 thu th\u1eadp th\u00f4ng tin v\u1ec1 m\u1ed9t s\u1ed1 n\u1ed9i dung. Cookie s\u1ebd \u0111\u01b0\u1ee3c ghi l\u1ea1i trong m\u00e1y t\u00ednh c\u1ee7a ng\u01b0\u1eddi xem khi kh\u00e1ch truy c\u1eadp truy c\u1eadp trang web. Tuy nhi\u00ean, th\u00f4ng tin \u0111\u01b0\u1ee3c ghi l\u1ea1i kh\u00f4ng bao g\u1ed3m b\u1ea5t k\u1ef3 th\u00f4ng tin n\u00e0o x\u00e1c \u0111\u1ecbnh c\u00e1 nh\u00e2n, ch\u1eb3ng h\u1ea1n nh\u01b0 t\u00ean c\u1ee7a ng\u01b0\u1eddi xem ho\u1eb7c \u0111\u1ecba ch\u1ec9 e-mail. H\u01a1n n\u1eefa, tr\u00ean trang web c\u1ee7a ch\u00fang t\u00f4i, ch\u00fang t\u00f4i c\u00f3 th\u1ec3 ph\u00e2n t\u00edch lo\u1ea1i trang web m\u00e0 ng\u01b0\u1eddi xem quan t\u00e2m v\u00e0 ch\u00fang t\u00f4i c\u00f3 th\u1ec3 s\u1eed d\u1ee5ng nh\u1eefng trang n\u00e0y \u0111\u1ec3 ph\u00e2n ph\u1ed1i th\u00f4ng tin hi\u1ec7u qu\u1ea3 tr\u00ean web. N\u1ebfu b\u1ea1n c\u1ea3m th\u1ea5y kh\u00f4ng th\u1ec3 thu th\u1eadp th\u00f4ng tin b\u1eb1ng c\u00e1ch s\u1eed d\u1ee5ng c\u00e1c cookie n\u00e0y, b\u1ea1n c\u00f3 th\u1ec3 t\u1eeb ch\u1ed1i ch\u1ea5p nh\u1eadn cookie trong tr\u00ecnh duy\u1ec7t c\u1ee7a m\u00ecnh. Tuy nhi\u00ean, trong tr\u01b0\u1eddng h\u1ee3p \u0111\u00f3, t\u00f9y thu\u1ed9c v\u00e0o n\u1ed9i dung, n\u00f3 c\u00f3 th\u1ec3 kh\u00f4ng ho\u1ea1t \u0111\u1ed9ng ch\u00ednh x\u00e1c, v\u00ec v\u1eady h\u00e3y x\u00e1c nh\u1eadn tr\u01b0\u1edbc. Vi\u1ec7c ch\u1ea5p nh\u1eadn \/ t\u1eeb ch\u1ed1i cookie trong trang web c\u1ee7a ch\u00fang t\u00f4i c\u00f3 th\u1ec3 \u0111\u01b0\u1ee3c l\u1ef1a ch\u1ecdn b\u1eb1ng ph\u00e1n quy\u1ebft v\u1ec1 ph\u00e1n \u0111o\u00e1n mi\u1ec5n ph\u00ed c\u1ee7a ng\u01b0\u1eddi xem b\u1eb1ng c\u00e1ch thay \u0111\u1ed5i c\u00e0i \u0111\u1eb7t c\u1ee7a tr\u00ecnh duy\u1ec7t. N\u1ebfu ng\u01b0\u1eddi xem t\u1eeb ch\u1ed1i ch\u1ea5p nh\u1eadn cookie, ng\u01b0\u1eddi xem c\u00f3 th\u1ec3 ph\u1ea3i tu\u00e2n theo c\u00e1c h\u1ea1n ch\u1ebf ch\u1ee9c n\u0103ng nh\u1ea5t \u0111\u1ecbnh tr\u00ean c\u00e1c trang nh\u1ea5t \u0111\u1ecbnh.<\/p>\n<p style=\"text-align: justify;\">Gi\u1edbi thi\u1ec7u v\u1ec1 c\u00e1c li\u00ean k\u1ebft \u0111\u1ebfn c\u00e1c trang web kh\u00e1c v\u1edbi trang web c\u1ee7a ch\u00fang t\u00f4i<\/p>\n<p style=\"text-align: justify;\">Trang web c\u1ee7a ch\u00fang t\u00f4i kh\u00f4ng ch\u1ecbu tr\u00e1ch nhi\u1ec7m b\u1ea3o v\u1ec7 th\u00f4ng tin c\u00e1 nh\u00e2n c\u1ee7a ng\u01b0\u1eddi xem, v.v. t\u1ea1i c\u00e1c trang web kh\u00e1c (doanh nghi\u1ec7p ho\u1eb7c c\u00e1 nh\u00e2n) thi\u1ebft l\u1eadp c\u00e1c li\u00ean k\u1ebft t\u1eeb trang web n\u00e0y. Vui l\u00f2ng tham kh\u1ea3o chi ti\u1ebft x\u1eed l\u00fd th\u00f4ng tin c\u00e1 nh\u00e2n c\u1ee7a trang web \u0111\u01b0\u1ee3c li\u00ean k\u1ebft v\u1ec1 vi\u1ec7c thu th\u1eadp th\u00f4ng tin c\u00e1 nh\u00e2n \u0111\u01b0\u1ee3c th\u1ef1c hi\u1ec7n tr\u00ean trang web \u0111\u01b0\u1ee3c li\u00ean k\u1ebft.<\/p>\n<p style=\"text-align: justify;\">\u00dd ki\u1ebfn, khi\u1ebfu n\u1ea1i v\u00e0 ph\u1ea3n \u0111\u1ed1i v\u1ec1 vi\u1ec7c x\u1eed l\u00fd quy\u1ec1n ri\u00eang t\u01b0<\/p>\n<p style=\"text-align: justify;\">Khi b\u1ea1n cho r\u1eb1ng ng\u01b0\u1eddi xem kh\u00f4ng tu\u00e2n theo tuy\u00ean b\u1ed1 v\u1ec1 quy\u1ec1n ri\u00eang t\u01b0 \u0111\u01b0\u1ee3c \u0111\u0103ng tr\u00ean trang web c\u1ee7a ch\u00fang t\u00f4i, h\u00e3y g\u1eedi email cho ch\u00fang t\u00f4i theo \u0111\u1ecba ch\u1ec9 marketing@becamex-tokyu.com. Sau khi ki\u1ec3m tra n\u1ed9i dung, ch\u00fang t\u00f4i s\u1ebd li\u00ean h\u1ec7 v\u1edbi b\u1ea1n b\u1eb1ng th\u01b0 tr\u1ea3 l\u1ea1i v\u00e0 c\u1ed1 g\u1eafng th\u1ef1c hi\u1ec7n x\u1eed l\u00fd th\u00edch h\u1ee3p.<\/p>\n<h3 style=\"text-align: justify;\"><strong>Gi\u1edbi thi\u1ec7u v\u1ec1 m\u00f4i tr\u01b0\u1eddng m\u00e1y t\u00ednh \u0111\u01b0\u1ee3c \u0111\u1ec1 xu\u1ea5t<\/strong><\/h3>\n<h4 style=\"text-align: justify;\"><strong>Gi\u1edbi thi\u1ec7u v\u1ec1 tr\u00ecnh duy\u1ec7t:<\/strong><\/h4>\n<p style=\"text-align: justify;\">Trang web c\u1ee7a ch\u00fang t\u00f4i \u0111\u01b0\u1ee3c t\u1ed1i \u01b0u h\u00f3a v\u1edbi phi\u00ean b\u1ea3n Internet Explorer 9.0 tr\u1edf l\u00ean, phi\u00ean b\u1ea3n m\u1edbi nh\u1ea5t c\u1ee7a FireFox, phi\u00ean b\u1ea3n Safari m\u1edbi nh\u1ea5t, phi\u00ean b\u1ea3n m\u1edbi nh\u1ea5t c\u1ee7a Google Chrome, iPhone 5s tr\u1edf l\u00ean, Android 4.1 tr\u1edf l\u00ean. H\u00e3y hi\u1ec3u r\u1eb1ng c\u00f3 kh\u1ea3 n\u0103ng m\u1ed9t s\u1ed1 ch\u1ee9c n\u0103ng kh\u00f4ng th\u1ec3 \u0111\u01b0\u1ee3c s\u1eed d\u1ee5ng trong tr\u01b0\u1eddng h\u1ee3p s\u1eed d\u1ee5ng trong c\u00e1c m\u00f4i tr\u01b0\u1eddng kh\u00e1c.<\/p>\n<h4 style=\"text-align: justify;\"><strong>Gi\u1edbi thi\u1ec7u v\u1ec1 JavaScript:<\/strong><\/h4>\n<p style=\"text-align: justify;\">Tr\u00ean trang web c\u1ee7a ch\u00fang t\u00f4i, m\u1ed9t s\u1ed1 d\u1ecbch v\u1ee5 s\u1eed d\u1ee5ng JavaScript. \u0110\u1ec3 s\u1eed d\u1ee5ng t\u1ea5t c\u1ea3 n\u1ed9i dung, ch\u00fang t\u00f4i khuy\u00ean b\u1ea1n n\u00ean b\u1eadt JavaScript trong c\u00e0i \u0111\u1eb7t tr\u00ecnh duy\u1ec7t.<\/p>\n<h4 style=\"text-align: justify;\"><strong>V\u1ec1 b\u1ea3n quy\u1ec1n<\/strong><\/h4>\n<p style=\"text-align: justify;\">B\u1ea3n quy\u1ec1n v\u00e0 c\u00e1c quy\u1ec1n kh\u00e1c li\u00ean quan \u0111\u1ebfn b\u1ea5t k\u1ef3 n\u1ed9i dung n\u00e0o, t\u00e0i li\u1ec7u c\u00f3 b\u1ea3n quy\u1ec1n (t\u00e0i li\u1ec7u, t\u00e0i li\u1ec7u, vv) tr\u00ean trang n\u00e0y thu\u1ed9c v\u1ec1 ch\u00fang t\u00f4i v\u00e0 nh\u00e0 cung c\u1ea5p th\u00f4ng tin. C\u00e1c n\u1ed9i dung n\u00e0y v\u00e0 t\u00e0i li\u1ec7u c\u00f3 b\u1ea3n quy\u1ec1n \u0111\u01b0\u1ee3c b\u1ea3o v\u1ec7 b\u1edfi b\u1ea3n quy\u1ec1n trong Lu\u1eadt B\u1ea3n quy\u1ec1n Nh\u1eadt B\u1ea3n, C\u00f4ng \u01b0\u1edbc v\u00e0 Lu\u1eadt B\u1ea3n quy\u1ec1n c\u1ee7a m\u1ed9t qu\u1ed1c gia kh\u00e1c v\u00e0 kh\u00f4ng \u0111\u01b0\u1ee3c s\u1eed d\u1ee5ng ngo\u00e0i ph\u1ea1m vi s\u1eed d\u1ee5ng c\u00e1 nh\u00e2n. H\u01a1n n\u1eefa, n\u00f3 b\u1ecb nghi\u00eam c\u1ea5m s\u1eed d\u1ee5ng cho b\u00ean th\u1ee9 ba s\u1eed d\u1ee5ng b\u1ea5t k\u1ec3 ph\u01b0\u01a1ng ph\u00e1p, ch\u1eb3ng h\u1ea1n nh\u01b0 s\u1eeda \u0111\u1ed5i, sao ch\u00e9p, cho thu\u00ea, b\u00e1n, xu\u1ea5t b\u1ea3n, g\u1eedi, ph\u00e1t s\u00f3ng vv m\u00e0 kh\u00f4ng c\u00f3 s\u1ef1 cho ph\u00e9p c\u1ee7a ch\u1ee7 s\u1edf h\u1eefu quy\u1ec1n. Tuy nhi\u00ean, n\u1ebfu \u0111i\u1ec1u ki\u1ec7n s\u1eed d\u1ee5ng c\u00e1 nh\u00e2n \u0111\u01b0\u1ee3c g\u1eafn v\u1edbi t\u00e1c ph\u1ea9m c\u00f3 b\u1ea3n quy\u1ec1n \u1edf \u0111\u00e2y, \u0111i\u1ec1u ki\u1ec7n \u0111\u00f3 s\u1ebd \u0111\u01b0\u1ee3c \u01b0u ti\u00ean.<\/p>\n<h4 style=\"text-align: justify;\"><strong>N\u1ebfu b\u1ea1n c\u00f3 b\u1ea5t k\u1ef3 b\u00ecnh lu\u1eadn ho\u1eb7c c\u00e2u h\u1ecfi n\u00e0o v\u1ec1 \u0111i\u1ec1u tr\u00ean, vui l\u00f2ng li\u00ean h\u1ec7 v\u1edbi ch\u00fang t\u00f4i nh\u01b0 b\u00ean d\u01b0\u1edbi.<\/strong><\/h4>\n<h3 style=\"text-align: justify;\"><strong>C\u00d4NG TY TNHH BECAMEX TOKYU<\/strong><\/h3>\n<ul style=\"text-align: justify;\">\n<li>\u0110\u1ecba ch\u1ec9: T\u1ea7ng 15, T\u00f2a nh\u00e0 WTC Tower, S\u1ed1 1 \u0110\u01b0\u1eddng H\u00f9ng V\u01b0\u01a1ng, Ph\u01b0\u1eddng B\u00ecnh D\u01b0\u01a1ng, Th\u00e0nh ph\u1ed1 H\u1ed3 Ch\u00ed Minh, Vi\u1ec7t Nam.<\/li>\n<li>TEL: 0274 222 1109<\/li>\n<li>E-mail address: marketing@becamex-tokyu.com<\/li>\n<\/ul>\n<p style=\"text-align: justify;\"><strong>(Th\u1eddi gian ti\u1ebfp nh\u1eadn th\u00f4ng tin: Th\u1ee9 Hai \u2013 Th\u1ee9 S\u00e1u (tr\u1eeb ng\u00e0y l\u1ec5) 09: 00 ~ 18: 00)<\/strong><\/p>\n","protected":false},"excerpt":{"rendered":"<p>CH\u00cdNH S\u00c1CH B\u1ea2O M\u1eacT: Trang web n\u00e0y (sau \u0111\u00e2y g\u1ecdi l\u00e0\u201d trang web c\u1ee7a ch\u00fang t\u00f4i \u201c) \u0111\u01b0\u1ee3c qu\u1ea3n l\u00fd b\u1edfi C\u00d4NG TY TNHH BECAMEX TOKYU (sau \u0111\u00e2y g\u1ecdi t\u1eaft l\u00e0 \u201dBECAMEX TOKYU \u201c), vui l\u00f2ng hi\u1ec3u c\u00e1c v\u1ea5n \u0111\u1ec1 sau khi s\u1eed d\u1ee5ng trang web n\u00e0y. m\u1ee5c \u0111\u00edch s\u1eed d\u1ee5ng n\u1ebfu k\u1ebft n\u1ed1i v\u1edbi [&hellip;]<\/p>\n","protected":false},"author":1,"featured_media":0,"parent":0,"menu_order":7,"comment_status":"closed","ping_status":"closed","template":"","meta":{"_acf_changed":false,"footnotes":""},"class_list":["post-2032","page","type-page","status-publish","hentry"],"acf":[],"_links":{"self":[{"href":"https:\/\/midoripark-thenest.com\/en\/wp-json\/wp\/v2\/pages\/2032","targetHints":{"allow":["GET"]}}],"collection":[{"href":"https:\/\/midoripark-thenest.com\/en\/wp-json\/wp\/v2\/pages"}],"about":[{"href":"https:\/\/midoripark-thenest.com\/en\/wp-json\/wp\/v2\/types\/page"}],"author":[{"embeddable":true,"href":"https:\/\/midoripark-thenest.com\/en\/wp-json\/wp\/v2\/users\/1"}],"replies":[{"embeddable":true,"href":"https:\/\/midoripark-thenest.com\/en\/wp-json\/wp\/v2\/comments?post=2032"}],"version-history":[{"count":2,"href":"https:\/\/midoripark-thenest.com\/en\/wp-json\/wp\/v2\/pages\/2032\/revisions"}],"predecessor-version":[{"id":2036,"href":"https:\/\/midoripark-thenest.com\/en\/wp-json\/wp\/v2\/pages\/2032\/revisions\/2036"}],"wp:attachment":[{"href":"https:\/\/midoripark-thenest.com\/en\/wp-json\/wp\/v2\/media?parent=2032"}],"curies":[{"name":"wp","href":"https:\/\/api.w.org\/{rel}","templated":true}]}}